{"id":21,"date":"2018-01-10T10:45:27","date_gmt":"2018-01-10T09:45:27","guid":{"rendered":"https:\/\/ascap56.com\/?page_id=21"},"modified":"2018-03-20T12:05:35","modified_gmt":"2018-03-20T11:05:35","slug":"liens-utiles","status":"publish","type":"page","link":"https:\/\/ascap56.com\/index.php\/liens-utiles\/","title":{"rendered":"Liens utiles"},"content":{"rendered":"\n<style type=\"text\/css\" data-created_by=\"avia_inline_auto\" id=\"style-css-av-av_one_half-6126cab7d8fab8d08143dd2dacdf673c\">\n.flex_column.av-av_one_half-6126cab7d8fab8d08143dd2dacdf673c{\nborder-radius:0px 0px 0px 0px;\npadding:0px 0px 0px 0px;\n}\n<\/style>\n<div  class='flex_column av-av_one_half-6126cab7d8fab8d08143dd2dacdf673c av_one_half  avia-builder-el-0  el_before_av_one_half  avia-builder-el-first  first flex_column_div av-zero-column-padding  '     ><style type=\"text\/css\" data-created_by=\"avia_inline_auto\" id=\"style-css-av-av_image-421810b5dfa79616d6dfd69f74f648e6\">\n.avia-image-container.av-av_image-421810b5dfa79616d6dfd69f74f648e6 img.avia_image{\nbox-shadow:none;\n}\n.avia-image-container.av-av_image-421810b5dfa79616d6dfd69f74f648e6 .av-image-caption-overlay-center{\ncolor:#ffffff;\n}\n<\/style>\n<div  class='avia-image-container av-av_image-421810b5dfa79616d6dfd69f74f648e6 av-styling- avia_animated_image av-animated-when-visible-95 fade-in avia-align-center  avia-builder-el-1  avia-builder-el-no-sibling '   itemprop=\"image\" itemscope=\"itemscope\" itemtype=\"https:\/\/schema.org\/ImageObject\" ><div class=\"avia-image-container-inner\"><div class=\"avia-image-overlay-wrap\"><img decoding=\"async\" fetchpriority=\"high\" class='wp-image-81 avia-img-lazy-loading-not-81 avia_image ' src=\"https:\/\/ascap56.com\/wp-content\/uploads\/2018\/01\/lien-ati-morbihan.jpg\" alt='' title='lien-ati-morbihan'  height=\"525\" width=\"700\"  itemprop=\"thumbnailUrl\" srcset=\"https:\/\/ascap56.com\/wp-content\/uploads\/2018\/01\/lien-ati-morbihan.jpg 700w, https:\/\/ascap56.com\/wp-content\/uploads\/2018\/01\/lien-ati-morbihan-300x225.jpg 300w, https:\/\/ascap56.com\/wp-content\/uploads\/2018\/01\/lien-ati-morbihan-450x338.jpg 450w\" sizes=\"(max-width: 700px) 100vw, 700px\" \/><\/div><\/div><\/div><\/div>\n\n<style type=\"text\/css\" data-created_by=\"avia_inline_auto\" id=\"style-css-av-av_one_half-0aa7055fe62c3622faec82866afbaeb2\">\n.flex_column.av-av_one_half-0aa7055fe62c3622faec82866afbaeb2{\nborder-radius:0px 0px 0px 0px;\npadding:0px 0px 0px 0px;\n}\n<\/style>\n<div  class='flex_column av-av_one_half-0aa7055fe62c3622faec82866afbaeb2 av_one_half  avia-builder-el-2  el_after_av_one_half  el_before_av_textblock  flex_column_div av-zero-column-padding  '     ><section  class='av_textblock_section av-av_textblock-0366cc7376be6c9e82a3e9cc8987b64f '   itemscope=\"itemscope\" itemtype=\"https:\/\/schema.org\/CreativeWork\" ><div class='avia_textblock'  itemprop=\"text\" ><p style=\"font-size: 18px;\"><strong><a href=\"http:\/\/www.tutelles.justice.gouv.fr\">Minist\u00e8re de la justice &#8211; Espace Tutelle<\/a><\/strong><\/p>\n<p>Vous pourrez y trouver tous les renseignements officiels sur la protection juridique.<\/p>\n<p style=\"font-size: 18px;\"><strong><a href=\"http:\/\/tutelleauquotidien.fr\">Tutelle au quotidien<\/a><\/strong><\/p>\n<p>Site qui parle de la pratique tut\u00e9laire.<\/p>\n<p style=\"font-size: 18px;\"><strong><a href=\"http:\/\/www.unapei.org\/\">UNAPEI<\/a><\/strong><\/p>\n<p>Mouvement associatif \u00e0 l\u2019origine de nombreux services de tutelle, participe activement \u00e0 la d\u00e9fense des personnes handicap\u00e9es.<\/p>\n<p style=\"font-size: 18px;\"><strong><a href=\"http:\/\/www.unaf.fr\/\">UNAF<\/a><\/strong><\/p>\n<p>Union Nationale des Associations Familiales<\/p>\n<\/div><\/section><\/div>\n\n<style type=\"text\/css\" data-created_by=\"avia_inline_auto\" id=\"style-css-av-av_textblock-eb32bbd6321be4e6c172162327c69628\">\n#top .av_textblock_section.av-av_textblock-eb32bbd6321be4e6c172162327c69628 .avia_textblock{\nfont-size:11px;\n}\n<\/style>\n<section  class='av_textblock_section av-av_textblock-eb32bbd6321be4e6c172162327c69628 '   itemscope=\"itemscope\" itemtype=\"https:\/\/schema.org\/CreativeWork\" ><div class='avia_textblock'  itemprop=\"text\" ><p><em>Cr\u00e9ation : <a href=\"http:\/\/www.yume-graphisme.com\/\" target=\"_blank\" rel=\"noopener\">yume-graphisme.com<\/a> &#8211; Photos in situ : <a href=\"http:\/\/www.studiomarlea.com\/\" target=\"_blank\" rel=\"noopener\">Studio Marl\u00e9a &#8211;\u00a0<\/a>Photos mer : Pixabay<\/em><\/p>\n<\/div><\/section>\n","protected":false},"excerpt":{"rendered":"","protected":false},"author":2,"featured_media":0,"parent":0,"menu_order":0,"comment_status":"closed","ping_status":"closed","template":"","meta":{"footnotes":""},"class_list":["post-21","page","type-page","status-publish","hentry"],"_links":{"self":[{"href":"https:\/\/ascap56.com\/index.php\/wp-json\/wp\/v2\/pages\/21","targetHints":{"allow":["GET"]}}],"collection":[{"href":"https:\/\/ascap56.com\/index.php\/wp-json\/wp\/v2\/pages"}],"about":[{"href":"https:\/\/ascap56.com\/index.php\/wp-json\/wp\/v2\/types\/page"}],"author":[{"embeddable":true,"href":"https:\/\/ascap56.com\/index.php\/wp-json\/wp\/v2\/users\/2"}],"replies":[{"embeddable":true,"href":"https:\/\/ascap56.com\/index.php\/wp-json\/wp\/v2\/comments?post=21"}],"version-history":[{"count":0,"href":"https:\/\/ascap56.com\/index.php\/wp-json\/wp\/v2\/pages\/21\/revisions"}],"wp:attachment":[{"href":"https:\/\/ascap56.com\/index.php\/wp-json\/wp\/v2\/media?parent=21"}],"curies":[{"name":"wp","href":"https:\/\/api.w.org\/{rel}","templated":true}]}}