{"id":19,"date":"2018-01-10T10:45:14","date_gmt":"2018-01-10T09:45:14","guid":{"rendered":"https:\/\/ascap56.com\/?page_id=19"},"modified":"2023-12-10T15:19:32","modified_gmt":"2023-12-10T14:19:32","slug":"les-services-et-competences","status":"publish","type":"page","link":"https:\/\/ascap56.com\/index.php\/les-services-et-competences\/","title":{"rendered":"Les services et comp\u00e9tences"},"content":{"rendered":"\n<style type=\"text\/css\" data-created_by=\"avia_inline_auto\" id=\"style-css-av-cysev-a0b8309caf6f02bc9433a7195858a26b\">\n.flex_column.av-cysev-a0b8309caf6f02bc9433a7195858a26b{\nborder-radius:0px 0px 0px 0px;\npadding:0px 0px 0px 0px;\n}\n<\/style>\n<div  class='flex_column av-cysev-a0b8309caf6f02bc9433a7195858a26b av_one_full  avia-builder-el-0  el_before_av_image  avia-builder-el-first  first flex_column_div av-zero-column-padding  '     ><\/div>\n\n<style type=\"text\/css\" data-created_by=\"avia_inline_auto\" id=\"style-css-av-cdktz-78fae70bb425a7345d5167c9fd3fc99b\">\n.avia-image-container.av-cdktz-78fae70bb425a7345d5167c9fd3fc99b img.avia_image{\nbox-shadow:none;\n}\n.avia-image-container.av-cdktz-78fae70bb425a7345d5167c9fd3fc99b .av-image-caption-overlay-center{\ncolor:#ffffff;\n}\n<\/style>\n<div  class='avia-image-container av-cdktz-78fae70bb425a7345d5167c9fd3fc99b av-styling- avia_animated_image av-animated-when-visible-95 fade-in avia-align-center  avia-builder-el-1  el_after_av_one_full  el_before_av_one_half '   itemprop=\"image\" itemscope=\"itemscope\" itemtype=\"https:\/\/schema.org\/ImageObject\" ><div class=\"avia-image-container-inner\"><div class=\"avia-image-overlay-wrap\"><img decoding=\"async\" fetchpriority=\"high\" class='wp-image-67 avia-img-lazy-loading-not-67 avia_image ' src=\"https:\/\/ascap56.com\/wp-content\/uploads\/2018\/01\/bandeau-serices-et-competences-ASCAP.png\" alt='' title='bandeau-serices-et-competences-ASCAP'  height=\"390\" width=\"2258\"  itemprop=\"thumbnailUrl\" srcset=\"https:\/\/ascap56.com\/wp-content\/uploads\/2018\/01\/bandeau-serices-et-competences-ASCAP.png 2258w, https:\/\/ascap56.com\/wp-content\/uploads\/2018\/01\/bandeau-serices-et-competences-ASCAP-300x52.png 300w, https:\/\/ascap56.com\/wp-content\/uploads\/2018\/01\/bandeau-serices-et-competences-ASCAP-768x133.png 768w, https:\/\/ascap56.com\/wp-content\/uploads\/2018\/01\/bandeau-serices-et-competences-ASCAP-1030x178.png 1030w, https:\/\/ascap56.com\/wp-content\/uploads\/2018\/01\/bandeau-serices-et-competences-ASCAP-1500x259.png 1500w, https:\/\/ascap56.com\/wp-content\/uploads\/2018\/01\/bandeau-serices-et-competences-ASCAP-705x122.png 705w, https:\/\/ascap56.com\/wp-content\/uploads\/2018\/01\/bandeau-serices-et-competences-ASCAP-450x78.png 450w\" sizes=\"(max-width: 2258px) 100vw, 2258px\" \/><\/div><\/div><\/div>\n\n<style type=\"text\/css\" data-created_by=\"avia_inline_auto\" id=\"style-css-av-bw0i3-f035fd2777acc0d0b7d601e276e3edfc\">\n.flex_column.av-bw0i3-f035fd2777acc0d0b7d601e276e3edfc{\nborder-radius:0px 0px 0px 0px;\npadding:0px 0px 0px 0px;\n}\n<\/style>\n<div  class='flex_column av-bw0i3-f035fd2777acc0d0b7d601e276e3edfc av_one_half  avia-builder-el-2  el_after_av_image  el_before_av_one_half  first flex_column_div av-zero-column-padding  '     ><p>\n<style type=\"text\/css\" data-created_by=\"avia_inline_auto\" id=\"style-css-av-b0pcb-30234430ca23096d04cae36dad37c454\">\n#top .hr.hr-invisible.av-b0pcb-30234430ca23096d04cae36dad37c454{\nheight:30px;\n}\n<\/style>\n<div  class='hr av-b0pcb-30234430ca23096d04cae36dad37c454 hr-invisible  avia-builder-el-3  el_before_av_animated_numbers  avia-builder-el-first '><span class='hr-inner '><span class=\"hr-inner-style\"><\/span><\/span><\/div><br \/>\n<div  class=\"avia-animated-number av-andmv-887bd74b473c38250b76a8ab362ba009 av-force-default-color avia_animate_when_visible  avia-builder-el-4  el_after_av_hr  el_before_av_textblock  \" data-timer=\"3000\"><strong class=\"heading avia-animated-number-title\"><span class='avia-animated-number-icon av-icon-before-number av-icon-char' aria-hidden='true' data-av_icon='\ue80b' data-av_iconfont='entypo-fontello'><\/span><span class=\"avia-single-number __av-single-number\" data-number_format=\"\" data-number=\"1850\" data-start_from=\"0\">1850<\/span><\/strong><div class=\"avia-animated-number-content\"><\/div><\/div><br \/>\n\n<style type=\"text\/css\" data-created_by=\"avia_inline_auto\" id=\"style-css-av-9qvhv-4989f40afbc74dd4991a055ed39a8ff0\">\n#top .av_textblock_section.av-9qvhv-4989f40afbc74dd4991a055ed39a8ff0 .avia_textblock{\nfont-size:17px;\n}\n<\/style>\n<section  class='av_textblock_section av-9qvhv-4989f40afbc74dd4991a055ed39a8ff0 '   itemscope=\"itemscope\" itemtype=\"https:\/\/schema.org\/CreativeWork\" ><div class='avia_textblock'  itemprop=\"text\" ><p style=\"text-align: center;\"><strong>ASCAP 56 intervient sur l\u2019ensemble du d\u00e9partement du Morbihan <\/strong><\/p>\n<p style=\"text-align: center;\"><strong>aupr\u00e8s de 1700 personnes sous mesure de protection.<\/strong><\/p>\n<\/div><\/section><br \/>\n\n<style type=\"text\/css\" data-created_by=\"avia_inline_auto\" id=\"style-css-av-9grar-eba310d9e226d9772d3c0c0af3db3ab6\">\n#top .hr.hr-invisible.av-9grar-eba310d9e226d9772d3c0c0af3db3ab6{\nheight:30px;\n}\n<\/style>\n<div  class='hr av-9grar-eba310d9e226d9772d3c0c0af3db3ab6 hr-invisible  avia-builder-el-6  el_after_av_textblock  el_before_av_icon_box '><span class='hr-inner '><span class=\"hr-inner-style\"><\/span><\/span><\/div><br \/>\n\n<style type=\"text\/css\" data-created_by=\"avia_inline_auto\" id=\"style-css-av-8k0fv-f7c68761db05a1a0fe768fb4e076c1f9\">\n#top #wrap_all .iconbox.av-8k0fv-f7c68761db05a1a0fe768fb4e076c1f9 .iconbox_content_title{\ncolor:#494949;\n}\n<\/style>\n<article  class='iconbox iconbox_top av-8k0fv-f7c68761db05a1a0fe768fb4e076c1f9  avia-builder-el-7  el_after_av_hr  el_before_av_slideshow  main_color'  itemscope=\"itemscope\" itemtype=\"https:\/\/schema.org\/CreativeWork\" ><div class=\"iconbox_content\"><header class=\"entry-content-header\"><div class=\"iconbox_icon heading-color\" aria-hidden='true' data-av_icon='\ue845' data-av_iconfont='entypo-fontello'><\/div><h3 class='iconbox_content_title '  itemprop=\"headline\" >CONSEIL<\/h3><\/header><div class='iconbox_content_container '  itemprop=\"text\" ><p style=\"color: black;\"><strong>Des cabinets sp\u00e9cialis\u00e9s interviennent en conseil pour toute question juridique ou patrimoniale complexe.<\/strong><\/p>\n<\/div><\/div><footer class=\"entry-footer\"><\/footer><\/article><br \/>\n<div  class='avia-slideshow av-88k0n-2f808db3345c823e715712b057390667 avia-slideshow-featured av_slideshow avia-slide-slider  avia-builder-el-8  el_after_av_icon_box  avia-builder-el-last  av-slideshow-ui av-control-default av-slideshow-autoplay av-loop-endless av-loop-manual-endless av-default-height-applied avia-slideshow-1' data-slideshow-options=\"{&quot;animation&quot;:&quot;slide&quot;,&quot;autoplay&quot;:true,&quot;loop_autoplay&quot;:&quot;endless&quot;,&quot;interval&quot;:3,&quot;loop_manual&quot;:&quot;manual-endless&quot;,&quot;autoplay_stopper&quot;:false,&quot;noNavigation&quot;:false,&quot;bg_slider&quot;:false,&quot;keep_padding&quot;:false,&quot;hoverpause&quot;:false,&quot;show_slide_delay&quot;:0}\"  itemprop=\"image\" itemscope=\"itemscope\" itemtype=\"https:\/\/schema.org\/ImageObject\" ><ul class='avia-slideshow-inner ' style='padding-bottom: 53.75%;'><li  class='avia-slideshow-slide av-88k0n-2f808db3345c823e715712b057390667__0  slide-1 slide-odd'><div data-rel='slideshow-1' class='avia-slide-wrap '   ><img decoding=\"async\" fetchpriority=\"high\" class=\"wp-image-138 avia-img-lazy-loading-not-138\"  src=\"https:\/\/ascap56.com\/wp-content\/uploads\/2018\/04\/ascap230218-0280-800x430.jpg\" width=\"800\" height=\"430\" title='ascap230218-0280' alt=''  itemprop=\"thumbnailUrl\"   \/><\/div><\/li><li  class='avia-slideshow-slide av-88k0n-2f808db3345c823e715712b057390667__1  slide-2 slide-even'><div data-rel='slideshow-1' class='avia-slide-wrap '   ><img decoding=\"async\" fetchpriority=\"high\" class=\"wp-image-122 avia-img-lazy-loading-not-122\"  src=\"https:\/\/ascap56.com\/wp-content\/uploads\/2018\/03\/ascap230218-0149-800x430.jpg\" width=\"800\" height=\"430\" title='ascap230218-0149' alt=''  itemprop=\"thumbnailUrl\"   \/><\/div><\/li><li  class='avia-slideshow-slide av-88k0n-2f808db3345c823e715712b057390667__2  slide-3 slide-odd'><div data-rel='slideshow-1' class='avia-slide-wrap '   ><img decoding=\"async\" fetchpriority=\"high\" class=\"wp-image-123 avia-img-lazy-loading-not-123\"  src=\"https:\/\/ascap56.com\/wp-content\/uploads\/2018\/03\/ascap230218-0162-800x430.jpg\" width=\"800\" height=\"430\" title='ascap230218-0162' alt=''  itemprop=\"thumbnailUrl\"   \/><\/div><\/li><li  class='avia-slideshow-slide av-88k0n-2f808db3345c823e715712b057390667__3  slide-4 slide-even'><div data-rel='slideshow-1' class='avia-slide-wrap '   ><img decoding=\"async\" fetchpriority=\"high\" class=\"wp-image-136 avia-img-lazy-loading-not-136\"  src=\"https:\/\/ascap56.com\/wp-content\/uploads\/2018\/04\/ascap230218-0274-800x430.jpg\" width=\"800\" height=\"430\" title='ascap230218-0274' alt=''  itemprop=\"thumbnailUrl\"   \/><\/div><\/li><li  class='avia-slideshow-slide av-88k0n-2f808db3345c823e715712b057390667__4  slide-5 slide-odd'><div data-rel='slideshow-1' class='avia-slide-wrap '   ><img decoding=\"async\" fetchpriority=\"high\" class=\"wp-image-120 avia-img-lazy-loading-not-120\"  src=\"https:\/\/ascap56.com\/wp-content\/uploads\/2018\/03\/ascap230218-0021-800x430.jpg\" width=\"800\" height=\"430\" title='ascap230218-0021' alt=''  itemprop=\"thumbnailUrl\"   \/><\/div><\/li><li  class='avia-slideshow-slide av-88k0n-2f808db3345c823e715712b057390667__5  slide-6 slide-even'><div data-rel='slideshow-1' class='avia-slide-wrap '   ><img decoding=\"async\" fetchpriority=\"high\" class=\"wp-image-121 avia-img-lazy-loading-not-121\"  src=\"https:\/\/ascap56.com\/wp-content\/uploads\/2018\/03\/ascap230218-0129-800x430.jpg\" width=\"800\" height=\"430\" title='ascap230218-0129' alt=''  itemprop=\"thumbnailUrl\"   \/><\/div><\/li><\/ul><div class='avia-slideshow-arrows avia-slideshow-controls' ><a href='#prev' class='prev-slide ' aria-hidden='true' data-av_icon='\ue87c' data-av_iconfont='entypo-fontello'  tabindex='-1'>Pr\u00e9c\u00e9dent<\/a><a href='#next' class='next-slide ' aria-hidden='true' data-av_icon='\ue87d' data-av_iconfont='entypo-fontello'  tabindex='-1'>Suivant<\/a><\/div><div class='avia-slideshow-dots avia-slideshow-controls'><a href='#1' class='goto-slide active' >1<\/a><a href='#2' class='goto-slide ' >2<\/a><a href='#3' class='goto-slide ' >3<\/a><a href='#4' class='goto-slide ' >4<\/a><a href='#5' class='goto-slide ' >5<\/a><a href='#6' class='goto-slide ' >6<\/a><\/div><\/div><\/p><\/div>\n<style type=\"text\/css\" data-created_by=\"avia_inline_auto\" id=\"style-css-av-3ngt3-596ffa5553f9e79c8d07478f9627d4de\">\n.flex_column.av-3ngt3-596ffa5553f9e79c8d07478f9627d4de{\nborder-radius:0px 0px 0px 0px;\npadding:0px 0px 0px 0px;\n}\n<\/style>\n<div  class='flex_column av-3ngt3-596ffa5553f9e79c8d07478f9627d4de av_one_half  avia-builder-el-9  el_after_av_one_half  avia-builder-el-last  flex_column_div av-zero-column-padding  '     ><p>\n<style type=\"text\/css\" data-created_by=\"avia_inline_auto\" id=\"style-css-av-3ejwb-46261dfa09c8eaf3dc8dc0bbc2e0bb26\">\n#top .hr.hr-invisible.av-3ejwb-46261dfa09c8eaf3dc8dc0bbc2e0bb26{\nheight:15px;\n}\n<\/style>\n<div  class='hr av-3ejwb-46261dfa09c8eaf3dc8dc0bbc2e0bb26 hr-invisible  avia-builder-el-10  el_before_av_heading  avia-builder-el-first '><span class='hr-inner '><span class=\"hr-inner-style\"><\/span><\/span><\/div><br \/>\n\n<style type=\"text\/css\" data-created_by=\"avia_inline_auto\" id=\"style-css-av-2sbz3-d04ea1415729979e7f08a52a738f33e8\">\n#top .av-special-heading.av-2sbz3-d04ea1415729979e7f08a52a738f33e8{\npadding-bottom:20px;\n}\nbody .av-special-heading.av-2sbz3-d04ea1415729979e7f08a52a738f33e8 .av-special-heading-tag .heading-char{\nfont-size:25px;\n}\n.av-special-heading.av-2sbz3-d04ea1415729979e7f08a52a738f33e8 .av-subheading{\nfont-size:15px;\n}\n<\/style>\n<div  class='av-special-heading av-2sbz3-d04ea1415729979e7f08a52a738f33e8 av-special-heading-h2 blockquote modern-quote modern-centered  avia-builder-el-11  el_after_av_hr  el_before_av_textblock '><h2 class='av-special-heading-tag'  itemprop=\"headline\"  >Nos comp\u00e9tences<\/h2><div class=\"special-heading-border\"><div class=\"special-heading-inner-border\"><\/div><\/div><\/div><br \/>\n<section  class='av_textblock_section av-24jq3-5da05c2ba6dc0182e9f3a31322e500f4 '   itemscope=\"itemscope\" itemtype=\"https:\/\/schema.org\/CreativeWork\" ><div class='avia_textblock'  itemprop=\"text\" ><p>ASCAP 56 est inscrite sur la<strong> liste du procureur et a re\u00e7u un agr\u00e9ment de la DDCS dans le but d\u2019exercer des mesures de protections juridiques.<\/strong><\/p>\n<p>Les membres b\u00e9n\u00e9voles \u00e9lisent le Conseil d\u2019Administration qui va administrer le service de protection juridique en orientant notamment la qualit\u00e9 de la prise en charge. Le service est compos\u00e9 d\u2019<strong>une \u00e9quipe de direction, un p\u00f4le juridique, 30 d\u00e9l\u00e9gu\u00e9s du mandataire et 24 personnels administratifs.<\/strong><\/p>\n<p style=\"text-align: center;\">\n<\/div><\/section><br \/>\n\n<style type=\"text\/css\" data-created_by=\"avia_inline_auto\" id=\"style-css-av-1pwn3-5f45fac18a777423759be775b5d70162\">\n#top .av-special-heading.av-1pwn3-5f45fac18a777423759be775b5d70162{\npadding-bottom:20px;\n}\nbody .av-special-heading.av-1pwn3-5f45fac18a777423759be775b5d70162 .av-special-heading-tag .heading-char{\nfont-size:25px;\n}\n.av-special-heading.av-1pwn3-5f45fac18a777423759be775b5d70162 .av-subheading{\nfont-size:15px;\n}\n<\/style>\n<div  class='av-special-heading av-1pwn3-5f45fac18a777423759be775b5d70162 av-special-heading-h2 blockquote modern-quote modern-centered  avia-builder-el-13  el_after_av_textblock  el_before_av_textblock '><h2 class='av-special-heading-tag'  itemprop=\"headline\"  >Un regard diff\u00e9rent<\/h2><div class='av-subheading av-subheading_below'><p>La personne est une personne avant tout<\/p>\n<\/div><div class=\"special-heading-border\"><div class=\"special-heading-inner-border\"><\/div><\/div><\/div><br \/>\n<section  class='av_textblock_section av-odsj-c2a99092af806cc69507541c0323c26b '   itemscope=\"itemscope\" itemtype=\"https:\/\/schema.org\/CreativeWork\" ><div class='avia_textblock'  itemprop=\"text\" ><p style=\"text-align: left;\">\n<p style=\"text-align: center;\">\n<p><strong>La prise en charge est fond\u00e9e sur un respect mutuel entre la personne sous protection, quelques soient ses difficult\u00e9s, et l\u2019\u00e9quipe de professionnels.<\/strong> La qualit\u00e9 de l\u2019\u00e9coute et la qualit\u00e9 de la relation deviennent le socle sur lequel viennent s\u2019\u00e9tayer les comp\u00e9tences sociales, administratives, juridiques et patrimoniales.<\/p>\n<p>La <strong>gestion rigoureuse<\/strong> des ressources et du patrimoine d\u00e9pend donc du mode de vie et des projets de la personne prot\u00e9g\u00e9e.<\/p>\n<p>Les d\u00e9l\u00e9gu\u00e9s du mandataire sont des travailleurs sociaux ou des juristes qui suivent des formations compl\u00e9mentaires concernant tous les aspects de la vie des personnes prot\u00e9g\u00e9s. Les personnels administratifs poss\u00e8dent des qualifications en secr\u00e9tariat en comptabilit\u00e9 et en accueil.<\/p>\n<\/div><\/section><\/p><\/div><\/p>\n","protected":false},"excerpt":{"rendered":"","protected":false},"author":2,"featured_media":0,"parent":0,"menu_order":0,"comment_status":"closed","ping_status":"closed","template":"","meta":{"footnotes":""},"class_list":["post-19","page","type-page","status-publish","hentry"],"_links":{"self":[{"href":"https:\/\/ascap56.com\/index.php\/wp-json\/wp\/v2\/pages\/19","targetHints":{"allow":["GET"]}}],"collection":[{"href":"https:\/\/ascap56.com\/index.php\/wp-json\/wp\/v2\/pages"}],"about":[{"href":"https:\/\/ascap56.com\/index.php\/wp-json\/wp\/v2\/types\/page"}],"author":[{"embeddable":true,"href":"https:\/\/ascap56.com\/index.php\/wp-json\/wp\/v2\/users\/2"}],"replies":[{"embeddable":true,"href":"https:\/\/ascap56.com\/index.php\/wp-json\/wp\/v2\/comments?post=19"}],"version-history":[{"count":0,"href":"https:\/\/ascap56.com\/index.php\/wp-json\/wp\/v2\/pages\/19\/revisions"}],"wp:attachment":[{"href":"https:\/\/ascap56.com\/index.php\/wp-json\/wp\/v2\/media?parent=19"}],"curies":[{"name":"wp","href":"https:\/\/api.w.org\/{rel}","templated":true}]}}