{"id":10,"date":"2018-01-10T10:03:11","date_gmt":"2018-01-10T09:03:11","guid":{"rendered":"https:\/\/ascap56.com\/?page_id=10"},"modified":"2025-02-13T16:20:56","modified_gmt":"2025-02-13T15:20:56","slug":"accueil","status":"publish","type":"page","link":"https:\/\/ascap56.com\/","title":{"rendered":"accueil"},"content":{"rendered":"\n<style type=\"text\/css\" data-created_by=\"avia_inline_auto\" id=\"style-css-av-9ijpy-08ff9218340e9ea020bcc3ac4ad058ae\">\n.flex_column.av-9ijpy-08ff9218340e9ea020bcc3ac4ad058ae{\nborder-radius:0px 0px 0px 0px;\npadding:0px 0px 0px 0px;\n}\n<\/style>\n<div  class='flex_column av-9ijpy-08ff9218340e9ea020bcc3ac4ad058ae av_one_full  avia-builder-el-0  el_before_av_one_half  avia-builder-el-first  first flex_column_div av-zero-column-padding  '     ><style type=\"text\/css\" data-created_by=\"avia_inline_auto\" id=\"style-css-av-8s3si-52af24270d715a48f88c3e7686c5bbee\">\n.avia-image-container.av-8s3si-52af24270d715a48f88c3e7686c5bbee img.avia_image{\nbox-shadow:none;\n}\n.avia-image-container.av-8s3si-52af24270d715a48f88c3e7686c5bbee .av-image-caption-overlay-center{\ncolor:#ffffff;\n}\n<\/style>\n<div  class='avia-image-container av-8s3si-52af24270d715a48f88c3e7686c5bbee av-styling- avia-align-center  avia-builder-el-1  avia-builder-el-no-sibling '   itemprop=\"image\" itemscope=\"itemscope\" itemtype=\"https:\/\/schema.org\/ImageObject\" ><div class=\"avia-image-container-inner\"><div class=\"avia-image-overlay-wrap\"><img decoding=\"async\" fetchpriority=\"high\" class='wp-image-94 avia-img-lazy-loading-not-94 avia_image ' src=\"https:\/\/ascap56.com\/wp-content\/uploads\/2018\/02\/bandeau-accueil-Ascap56.jpg\" alt='' title='bandeau-accueil-Ascap56'  height=\"685\" width=\"2000\"  itemprop=\"thumbnailUrl\" srcset=\"https:\/\/ascap56.com\/wp-content\/uploads\/2018\/02\/bandeau-accueil-Ascap56.jpg 2000w, https:\/\/ascap56.com\/wp-content\/uploads\/2018\/02\/bandeau-accueil-Ascap56-300x103.jpg 300w, https:\/\/ascap56.com\/wp-content\/uploads\/2018\/02\/bandeau-accueil-Ascap56-768x263.jpg 768w, https:\/\/ascap56.com\/wp-content\/uploads\/2018\/02\/bandeau-accueil-Ascap56-1030x353.jpg 1030w, https:\/\/ascap56.com\/wp-content\/uploads\/2018\/02\/bandeau-accueil-Ascap56-1500x514.jpg 1500w, https:\/\/ascap56.com\/wp-content\/uploads\/2018\/02\/bandeau-accueil-Ascap56-705x241.jpg 705w, https:\/\/ascap56.com\/wp-content\/uploads\/2018\/02\/bandeau-accueil-Ascap56-450x154.jpg 450w\" sizes=\"(max-width: 2000px) 100vw, 2000px\" \/><\/div><\/div><\/div><\/div>\n\n<style type=\"text\/css\" data-created_by=\"avia_inline_auto\" id=\"style-css-av-7uayy-cdd3318753a8e91a791b62e5e0ad3dce\">\n.flex_column.av-7uayy-cdd3318753a8e91a791b62e5e0ad3dce{\nborder-radius:0px 0px 0px 0px;\npadding:0px 0px 0px 0px;\n}\n<\/style>\n<div  class='flex_column av-7uayy-cdd3318753a8e91a791b62e5e0ad3dce av_one_half  avia-builder-el-2  el_after_av_one_full  el_before_av_one_half  first flex_column_div av-zero-column-padding  column-top-margin'     ><p>\n<style type=\"text\/css\" data-created_by=\"avia_inline_auto\" id=\"style-css-av-7brri-6e447678f8877cc4d90cf6a83330edce\">\n.av_font_icon.av-7brri-6e447678f8877cc4d90cf6a83330edce .av-icon-char{\nfont-size:80px;\nline-height:80px;\n}\n<\/style>\n<span  class='av_font_icon av-7brri-6e447678f8877cc4d90cf6a83330edce avia_animate_when_visible av-icon-style- avia-icon-pos-center av-no-color avia-icon-animate'><span class='av-icon-char' aria-hidden='true' data-av_icon='\ue845' data-av_iconfont='entypo-fontello' ><\/span><\/span><br \/>\n<section  class='av_textblock_section av-pmui-231a4fcf33c19143713814fc1eb23072 '   itemscope=\"itemscope\" itemtype=\"https:\/\/schema.org\/CreativeWork\" ><div class='avia_textblock'  itemprop=\"text\" ><p style=\"text-align: center;\"><strong>ASCAP 56<\/strong><\/p>\n<p style=\"text-align: center;\"><em>Service mandat\u00e9 pour exercer les diff\u00e9rentes mesures de protection juridique<\/em><\/p>\n<p style=\"text-align: center;\"><em>La protection, un Art de l\u2019attention<\/em><\/p>\n<\/div><\/section><br \/>\n<div  class='avia-slideshow av-65kpe-d988ea76818eb306974cca72517e8c6d avia-slideshow-featured av_slideshow avia-slide-slider  avia-builder-el-5  el_after_av_textblock  el_before_av_button  av-slideshow-ui av-control-default av-slideshow-autoplay av-loop-endless av-loop-manual-endless av-default-height-applied avia-slideshow-1' data-slideshow-options=\"{&quot;animation&quot;:&quot;slide&quot;,&quot;autoplay&quot;:true,&quot;loop_autoplay&quot;:&quot;endless&quot;,&quot;interval&quot;:3,&quot;loop_manual&quot;:&quot;manual-endless&quot;,&quot;autoplay_stopper&quot;:false,&quot;noNavigation&quot;:false,&quot;bg_slider&quot;:false,&quot;keep_padding&quot;:false,&quot;hoverpause&quot;:false,&quot;show_slide_delay&quot;:0}\"  itemprop=\"image\" itemscope=\"itemscope\" itemtype=\"https:\/\/schema.org\/ImageObject\" ><ul class='avia-slideshow-inner ' style='padding-bottom: 53.75%;'><li  class='avia-slideshow-slide av-65kpe-d988ea76818eb306974cca72517e8c6d__0  slide-1 slide-odd'><div data-rel='slideshow-1' class='avia-slide-wrap '   ><img decoding=\"async\" fetchpriority=\"high\" class=\"wp-image-107 avia-img-lazy-loading-not-107\"  src=\"https:\/\/ascap56.com\/wp-content\/uploads\/2018\/03\/ascap230218-0015-800x430.jpg\" width=\"800\" height=\"430\" title='ascap230218-0015' alt=''  itemprop=\"thumbnailUrl\"   \/><\/div><\/li><li  class='avia-slideshow-slide av-65kpe-d988ea76818eb306974cca72517e8c6d__1  slide-2 slide-even'><div data-rel='slideshow-1' class='avia-slide-wrap '   ><img decoding=\"async\" fetchpriority=\"high\" class=\"wp-image-110 avia-img-lazy-loading-not-110\"  src=\"https:\/\/ascap56.com\/wp-content\/uploads\/2018\/03\/ascap230218-0174-800x430.jpg\" width=\"800\" height=\"430\" title='ascap230218-0174' alt=''  itemprop=\"thumbnailUrl\"   \/><\/div><\/li><li  class='avia-slideshow-slide av-65kpe-d988ea76818eb306974cca72517e8c6d__2  slide-3 slide-odd'><div data-rel='slideshow-1' class='avia-slide-wrap '   ><img decoding=\"async\" fetchpriority=\"high\" class=\"wp-image-114 avia-img-lazy-loading-not-114\"  src=\"https:\/\/ascap56.com\/wp-content\/uploads\/2018\/03\/ascap230218-0275-800x430.jpg\" width=\"800\" height=\"430\" title='ascap230218-0275' alt=''  itemprop=\"thumbnailUrl\"   \/><\/div><\/li><li  class='avia-slideshow-slide av-65kpe-d988ea76818eb306974cca72517e8c6d__3  slide-4 slide-even'><div data-rel='slideshow-1' class='avia-slide-wrap '   ><img decoding=\"async\" fetchpriority=\"high\" class=\"wp-image-112 avia-img-lazy-loading-not-112\"  src=\"https:\/\/ascap56.com\/wp-content\/uploads\/2018\/03\/ascap230218-0253-800x430.jpg\" width=\"800\" height=\"430\" title='ascap230218-0253' alt=''  itemprop=\"thumbnailUrl\"   \/><\/div><\/li><li  class='avia-slideshow-slide av-65kpe-d988ea76818eb306974cca72517e8c6d__4  slide-5 slide-odd'><div data-rel='slideshow-1' class='avia-slide-wrap '   ><img decoding=\"async\" fetchpriority=\"high\" class=\"wp-image-115 avia-img-lazy-loading-not-115\"  src=\"https:\/\/ascap56.com\/wp-content\/uploads\/2018\/03\/ascap230218-0030-800x430.jpg\" width=\"800\" height=\"430\" title='ascap230218-0030' alt=''  itemprop=\"thumbnailUrl\"   \/><\/div><\/li><\/ul><div class='avia-slideshow-arrows avia-slideshow-controls' ><a href='#prev' class='prev-slide ' aria-hidden='true' data-av_icon='\ue87c' data-av_iconfont='entypo-fontello'  tabindex='-1'>Pr\u00e9c\u00e9dent<\/a><a href='#next' class='next-slide ' aria-hidden='true' data-av_icon='\ue87d' data-av_iconfont='entypo-fontello'  tabindex='-1'>Suivant<\/a><\/div><div class='avia-slideshow-dots avia-slideshow-controls'><a href='#1' class='goto-slide active' >1<\/a><a href='#2' class='goto-slide ' >2<\/a><a href='#3' class='goto-slide ' >3<\/a><a href='#4' class='goto-slide ' >4<\/a><a href='#5' class='goto-slide ' >5<\/a><\/div><\/div><br \/>\n<div  class='avia-button-wrap av-a47e-716815670d6a2ebbfd8e724bcb0e8775-wrap avia-button-center  avia-builder-el-6  el_after_av_slideshow  avia-builder-el-last '><a href='https:\/\/ascap56.com\/wp-content\/uploads\/2018\/01\/ASCAP-56-Adh\u00e9sion.pdf'  class='avia-button av-a47e-716815670d6a2ebbfd8e724bcb0e8775 avia-icon_select-no avia-size-small avia-position-center avia-color-theme-color'  target=\"_blank\"  rel=\"noopener noreferrer\" ><span class='avia_iconbox_title' >bulletin d\u2019adh\u00e9sion<\/span><\/a><\/div><\/p><\/div>\n\n<style type=\"text\/css\" data-created_by=\"avia_inline_auto\" id=\"style-css-av-22lyq-4bfdbf188cff374b560033ff92ff5541\">\n.flex_column.av-22lyq-4bfdbf188cff374b560033ff92ff5541{\nborder-radius:0px 0px 0px 0px;\npadding:0px 0px 0px 0px;\n}\n<\/style>\n<div  class='flex_column av-22lyq-4bfdbf188cff374b560033ff92ff5541 av_one_half  avia-builder-el-7  el_after_av_one_half  avia-builder-el-last  flex_column_div av-zero-column-padding  column-top-margin'     ><p>\n<style type=\"text\/css\" data-created_by=\"avia_inline_auto\" id=\"style-css-av-1lxyq-31ca8f857401fdaf5899dd1f91a3ebc3\">\n#top .av-special-heading.av-1lxyq-31ca8f857401fdaf5899dd1f91a3ebc3{\npadding-bottom:10px;\n}\nbody .av-special-heading.av-1lxyq-31ca8f857401fdaf5899dd1f91a3ebc3 .av-special-heading-tag .heading-char{\nfont-size:25px;\n}\n.av-special-heading.av-1lxyq-31ca8f857401fdaf5899dd1f91a3ebc3 .av-subheading{\nfont-size:15px;\n}\n<\/style>\n<div  class='av-special-heading av-1lxyq-31ca8f857401fdaf5899dd1f91a3ebc3 av-special-heading-h3  avia-builder-el-8  el_before_av_textblock  avia-builder-el-first '><h3 class='av-special-heading-tag'  itemprop=\"headline\"  >Bienvenue<\/h3><div class=\"special-heading-border\"><div class=\"special-heading-inner-border\"><\/div><\/div><\/div><br \/>\n<section  class='av_textblock_section av-s6tm-efd9a394f45ce10e6dfd99f5dce94ea8 '   itemscope=\"itemscope\" itemtype=\"https:\/\/schema.org\/CreativeWork\" ><div class='avia_textblock'  itemprop=\"text\" ><p><strong>ASCAP 56 est issue de la r\u00e9union de deux associations, ATIS de Vannes et ATI du Morbihan de Lorient. Ces deux services assurent la protection des personnes depuis, respectivement, 1997 et 1981. Ces personnes peuvent \u00eatre en situation de handicap, \u00e2g\u00e9es en perte d\u2019autonomie ou encore en difficult\u00e9 sociale ou psychique.<\/strong><\/p>\n<p>L\u2019Association agit pour et dans l\u2019int\u00e9r\u00eat de ces personnes. Elle travaille \u00e0 d\u00e9velopper leur capacit\u00e9 d\u2019autonomie dans l\u2019exercice de leurs droits tant sur le plan financier, juridique, de la sant\u00e9 que du cadre de vie. Elle favorise, autant que possible, l\u2019expression de leur volont\u00e9 dans un cadre de respect mutuel.<br \/>\nLes membres de l\u2019Association sont des familles, souvent parents d\u2019adulte handicap\u00e9 ou en difficult\u00e9, des citoyens engag\u00e9s et militants \u00e9galement dans d\u2019autres associations qui entendent privil\u00e9gier une mission humaine et sociale \u00e0 l\u2019\u00e9gard des personnes accompagn\u00e9es ou confi\u00e9es par mandat.<br \/>\nASCAP 56\u00a0 souhaite rester innovante dans ses actions aupr\u00e8s des personnes sous protection. Elle participe aux \u00e9volutions visant \u00e0 promouvoir les droits des personnes, le respect de leur dignit\u00e9 et la participation \u00e0 leur projet de vie.<\/p>\n<p>La qualit\u00e9 du travail effectu\u00e9 et son am\u00e9lioration demeure une priorit\u00e9 dans une soci\u00e9t\u00e9 en mutation perp\u00e9tuelle.<br \/>\nIl est aujourd\u2019hui important de garder le cap afin de permettre une s\u00e9r\u00e9nit\u00e9 aux personnes suivies.<\/p>\n<\/div><\/section><br \/>\n<div  class='hr av-qhxy-4af407551877efeba460c7f3f9133d1e hr-default  avia-builder-el-10  el_after_av_textblock  el_before_av_textblock '><span class='hr-inner '><span class=\"hr-inner-style\"><\/span><\/span><\/div><br \/>\n<section  class='av_textblock_section av-lsyoihoj-44a7add7ff9354a57548e3109cec333a '   itemscope=\"itemscope\" itemtype=\"https:\/\/schema.org\/CreativeWork\" ><div class='avia_textblock'  itemprop=\"text\" ><p><strong>Index \u00e9galit\u00e9 professionnelle entre les femmes et les hommes<\/strong><\/p>\n<\/div><\/section><br \/>\n<div  class='avia-button-wrap av-lsyoh2su-31d807cfa90528bb345bd8765a94e0e9-wrap avia-button-left  avia-builder-el-12  el_after_av_textblock  avia-builder-el-last '><a href='https:\/\/ascap56.com\/wp-content\/uploads\/2025\/02\/ascap56-declaration-egapro-2025.pdf'  class='avia-button av-lsyoh2su-31d807cfa90528bb345bd8765a94e0e9 avia-icon_select-no avia-size-small avia-position-left avia-color-theme-color'  target=\"_blank\"  rel=\"noopener noreferrer\" ><span class='avia_iconbox_title' >Voir la d\u00e9claration<\/span><\/a><\/div><\/p><\/div>\n","protected":false},"excerpt":{"rendered":"","protected":false},"author":2,"featured_media":0,"parent":0,"menu_order":0,"comment_status":"closed","ping_status":"closed","template":"","meta":{"footnotes":""},"class_list":["post-10","page","type-page","status-publish","hentry"],"_links":{"self":[{"href":"https:\/\/ascap56.com\/index.php\/wp-json\/wp\/v2\/pages\/10","targetHints":{"allow":["GET"]}}],"collection":[{"href":"https:\/\/ascap56.com\/index.php\/wp-json\/wp\/v2\/pages"}],"about":[{"href":"https:\/\/ascap56.com\/index.php\/wp-json\/wp\/v2\/types\/page"}],"author":[{"embeddable":true,"href":"https:\/\/ascap56.com\/index.php\/wp-json\/wp\/v2\/users\/2"}],"replies":[{"embeddable":true,"href":"https:\/\/ascap56.com\/index.php\/wp-json\/wp\/v2\/comments?post=10"}],"version-history":[{"count":0,"href":"https:\/\/ascap56.com\/index.php\/wp-json\/wp\/v2\/pages\/10\/revisions"}],"wp:attachment":[{"href":"https:\/\/ascap56.com\/index.php\/wp-json\/wp\/v2\/media?parent=10"}],"curies":[{"name":"wp","href":"https:\/\/api.w.org\/{rel}","templated":true}]}}